{"id":2764,"date":"2022-08-12T01:47:03","date_gmt":"2022-08-11T22:47:03","guid":{"rendered":"http:\/\/localhost\/edirne\/?page_id=2764"},"modified":"2025-08-12T09:29:49","modified_gmt":"2025-08-12T06:29:49","slug":"yurt-imkanlari","status":"publish","type":"page","link":"https:\/\/bahcelievleryurdu.com\/tr\/yurt-imkanlari\/","title":{"rendered":"Yurt \u0130mkanlar\u0131"},"content":{"rendered":"<section id=\"bt_bb_section69cff2b2792a4\"  class=\"bt_bb_section bt_bb_layout_boxed_1200\"  data-bt-override-class=\"null\"><div class=\"bt_bb_port\"><div class=\"bt_bb_cell\"><div class=\"bt_bb_cell_inner\"><div class=\"bt_bb_row \"  data-bt-override-class=\"{}\"><div class=\"bt_bb_row_holder\" ><div  class=\"bt_bb_column col-xl-12 col-xs-12 col-sm-12 col-md-12 col-lg-12 bt_bb_align_left bt_bb_vertical_align_top bt_bb_padding_normal\"  data-width=\"12\" data-bt-override-class=\"{}\"><div class=\"bt_bb_column_content\"><div class=\"bt_bb_separator bt_bb_border_style_none bt_bb_top_spacing_medium bt_bb_bottom_spacing_none\" data-bt-override-class=\"{&quot;bt_bb_top_spacing_&quot;:{&quot;current_class&quot;:&quot;bt_bb_top_spacing_medium&quot;,&quot;def&quot;:&quot;medium&quot;,&quot;xl&quot;:&quot;medium&quot;},&quot;bt_bb_bottom_spacing_&quot;:{&quot;current_class&quot;:&quot;bt_bb_bottom_spacing_none&quot;,&quot;def&quot;:&quot;none&quot;,&quot;xl&quot;:&quot;none&quot;}}\"><\/div><div class=\" bt_bb_row_inner\"   data-bt-override-class=\"{}\"><div class=\"bt_bb_row_inner_holder\"  ><div  class=\"bt_bb_column_inner col-xl-12 col-xs-12 col-sm-12 col-md-12 col-lg-12 bt_bb_align_left bt_bb_vertical_align_top\"  data-width=\"12\" data-bt-override-class=\"{}\"><div class=\"bt_bb_column_inner_content\"><div  class=\"bt_bb_text\" ><\/p>\n<ul>\n<li>\n<p style=\"margin: 0cm;vertical-align: baseline\">1. Merkez\u00ee konumun sa\u011flad\u0131\u011f\u0131 avantajla b\u00fct\u00fcn fak\u00fcltelere ve \u015fehir merkezine tek vas\u0131ta ile rahat ve h\u0131zl\u0131 ula\u015f\u0131m<\/p>\n<p style=\"margin: 0cm;background: white;vertical-align: baseline\"><span style=\"color: black\">2. 1, 2, ve 4 ki\u015filik ferah odalar<\/span><\/p>\n<p style=\"margin: 0cm;background: white;vertical-align: baseline\"><span style=\"color: black\">3. \u00dccretsiz wireless imk\u00e2n\u0131<\/span><\/p>\n<p style=\"margin: 0cm;background: white;vertical-align: baseline\"><span style=\"color: black\">4. Bol \u00e7e\u015fitli kahvalt\u0131<\/span><\/p>\n<p style=\"margin: 0cm;background: white;vertical-align: baseline\"><span style=\"color: black\">5. Merkez\u00ee sistem \u0131s\u0131nma<\/span><\/p>\n<p style=\"margin: 0cm;background: white;vertical-align: baseline\"><span style=\"color: black\">6. Rahat ve sessiz \u00e7al\u0131\u015fma odalar\u0131 ile ki\u015fiye \u00f6zel \u00e7al\u0131\u015fma masas\u0131<\/span><\/p>\n<p style=\"margin: 0cm;background: white;vertical-align: baseline\"><span style=\"color: black\">7. Mevsimlere ve g\u00fcnl\u00fck kalori ihtiyac\u0131na g\u00f6re haz\u0131rlanan zengin, \u00e7e\u015fitli ve her \u00f6\u011f\u00fcn farkl\u0131 yemek<\/span><\/p>\n<p style=\"margin: 0cm;background: white;vertical-align: baseline\"><span style=\"color: black\">8. 24 saat kesintisiz s\u0131cak su<\/span><\/p>\n<p style=\"margin: 0cm;background: white;vertical-align: baseline\"><span style=\"color: black\">9. Ev tipi \u00e7ama\u015f\u0131r ve kurutma makinelerimiz ile ki\u015fiye \u00f6zel \u00e7ama\u015f\u0131r y\u0131kama-kurutma<\/span><\/p>\n<p style=\"margin: 0cm;background: white;vertical-align: baseline\"><span style=\"color: black\">10.Televizyon alan\u0131 ve ma\u00e7 izleme imk\u00e2n\u0131<\/span><\/p>\n<p style=\"margin: 0cm;background: white;vertical-align: baseline\"><span style=\"color: black\">11.Kantin hizmeti<\/span><\/p>\n<p style=\"margin: 0cm;background: white;vertical-align: baseline\"><span style=\"color: black\">12.Kondisyon aletleri ile spor yapma imk\u00e2n\u0131 \/ Masa tenisi<\/span><\/p>\n<p style=\"margin: 0cm;background: white;vertical-align: baseline\"><span style=\"color: black\">13.G\u00fcvenlik Kameralar\u0131 ve Kartl\u0131 Giri\u015f Sistemi ile g\u00fcvenilir ortam<\/span><\/p>\n<p style=\"margin: 0cm;background: white;vertical-align: baseline\"><span style=\"color: black\">14.\u00d6\u011frencilerimize 24 saat dan\u0131\u015fmanl\u0131k yapacak \u0130dari Personel ve Gece Sorumlusu<\/span><\/p>\n<p style=\"margin: 0cm;background: white;vertical-align: baseline\"><span style=\"color: black\">15.Uzman isimler rehberli\u011finde t\u00e2rih\u00ee, k\u00fclt\u00fcrel, turistik ama\u00e7l\u0131 geziler<\/span><\/p>\n<p style=\"margin: 0cm;background: white;vertical-align: baseline\"><span style=\"color: black\">16.Alan\u0131nda uzman akademisyenlerden konferanslar<\/span><\/p>\n<p style=\"margin: 0cm;background: white;vertical-align: baseline\"><span style=\"color: black\">17.Yurdumuzun \u00e7ok yak\u0131n\u0131nda bulunan basketbol, futbol sahas\u0131 ve y\u00fcr\u00fcy\u00fc\u015f parkurundan faydalanma imk\u00e2n\u0131<\/span><\/p>\n<p>18. End\u00fcstriyel tip ar\u0131tma cihaz\u0131 ile ar\u0131t\u0131lm\u0131\u015f su<\/li>\n<\/ul>\n<p>\n<\/div><\/div><\/div><\/div><\/div><div data-bb-version=\"5.4.3\" class=\"bt_bb_slider bt_bb_height_auto bt_bb_show_dots_bottom bt_bb_multiple_slides bt_bb_multiple_slides bt_bb_animation_slide animate bt_bb_arrows_size_normal\"><div class=\"slick-slider\"  data-slick='{ \"lazyLoad\": \"progressive\", \"cssEase\": \"ease-out\", \"speed\": \"300\", \"adaptiveHeight\": true, \"dots\": true, \"prevArrow\": \"&lt;button type=\\\"button\\\" class=\\\"slick-prev\\\" aria-label=\\\"Previous\\\" tabindex=\\\"0\\\" role=\\\"button\\\"&gt;&lt;\/button&gt;\", \"nextArrow\": \"&lt;button type=\\\"button\\\" class=\\\"slick-next\\\" aria-label=\\\"Next\\\" tabindex=\\\"0\\\" role=\\\"button\\\"&gt;&lt;\/button&gt;\",\"slidesToShow\": 3, \"autoplay\": true, \"autoplaySpeed\": 1500,\"slidesToShow\": 3, \"responsive\": [{ \"breakpoint\": 481, \"settings\": { \"slidesToShow\": 1, \"slidesToScroll\": 1 } },{ \"breakpoint\": 769, \"settings\": { \"slidesToShow\": 2, \"slidesToScroll\": 2 } },{ \"breakpoint\": 993, \"settings\": { \"slidesToShow\": 3, \"slidesToScroll\": 3 } },{ \"breakpoint\": 1201, \"settings\": { \"slidesToShow\": 3, \"slidesToScroll\": 3 } },{ \"breakpoint\": 1401, \"settings\": { \"slidesToShow\": 3, \"slidesToScroll\": 3 } }]}' ><div class=\"bt_bb_slider_item\" data-src-full=\"https:\/\/bahcelievleryurdu.com\/tr\/wp-content\/uploads\/2025\/08\/Oda.jpg\"><img decoding=\"async\" src=\"https:\/\/bahcelievleryurdu.com\/tr\/wp-content\/uploads\/2025\/08\/Oda.jpg\" alt=\"Oda\"  title=\"Oda\"><\/div><div class=\"bt_bb_slider_item\" data-src-full=\"https:\/\/bahcelievleryurdu.com\/tr\/wp-content\/uploads\/2025\/08\/Arka-Bahce.jpg\"><img decoding=\"async\" src=\"https:\/\/bahcelievleryurdu.com\/tr\/wp-content\/uploads\/2025\/08\/Arka-Bahce.jpg\" alt=\"Arka-Bahc\u0327e\"  title=\"Arka-Bahc\u0327e\"><\/div><div class=\"bt_bb_slider_item\" data-src-full=\"https:\/\/bahcelievleryurdu.com\/tr\/wp-content\/uploads\/2025\/08\/Kampus.jpg\"><img decoding=\"async\" src=\"https:\/\/bahcelievleryurdu.com\/tr\/wp-content\/uploads\/2025\/08\/Kampus.jpg\" alt=\"Kampu\u0308s\"  title=\"Kampu\u0308s\"><\/div><div class=\"bt_bb_slider_item\" data-src-full=\"https:\/\/bahcelievleryurdu.com\/tr\/wp-content\/uploads\/2025\/08\/Lavabo.jpg\"><img decoding=\"async\" src=\"https:\/\/bahcelievleryurdu.com\/tr\/wp-content\/uploads\/2025\/08\/Lavabo.jpg\" alt=\"Lavabo\"  title=\"Lavabo\"><\/div><div class=\"bt_bb_slider_item\" data-src-full=\"https:\/\/bahcelievleryurdu.com\/tr\/wp-content\/uploads\/2025\/08\/Kutuphane.jpg\"><img decoding=\"async\" src=\"https:\/\/bahcelievleryurdu.com\/tr\/wp-content\/uploads\/2025\/08\/Kutuphane.jpg\" alt=\"Ku\u0308tu\u0308phane\"  title=\"Ku\u0308tu\u0308phane\"><\/div><div class=\"bt_bb_slider_item\" data-src-full=\"https:\/\/bahcelievleryurdu.com\/tr\/wp-content\/uploads\/2025\/08\/Yurt-Girisi.jpg\"><img decoding=\"async\" src=\"https:\/\/bahcelievleryurdu.com\/tr\/wp-content\/uploads\/2025\/08\/Yurt-Girisi.jpg\" alt=\"Yurt-Giris\u0327i\"  title=\"Yurt-Giris\u0327i\"><\/div><div class=\"bt_bb_slider_item\" data-src-full=\"https:\/\/bahcelievleryurdu.com\/tr\/wp-content\/uploads\/2025\/08\/Yemekhane.jpg\"><img decoding=\"async\" src=\"https:\/\/bahcelievleryurdu.com\/tr\/wp-content\/uploads\/2025\/08\/Yemekhane.jpg\" alt=\"Yemekhane\"  title=\"Yemekhane\"><\/div><div class=\"bt_bb_slider_item\" data-src-full=\"https:\/\/bahcelievleryurdu.com\/tr\/wp-content\/uploads\/2025\/08\/Spor-Alanlari-2.jpg\"><img decoding=\"async\" src=\"https:\/\/bahcelievleryurdu.com\/tr\/wp-content\/uploads\/2025\/08\/Spor-Alanlari-2.jpg\" alt=\"Spor-Alanlar\u0131-2\"  title=\"Spor-Alanlar\u0131-2\"><\/div><div class=\"bt_bb_slider_item\" data-src-full=\"https:\/\/bahcelievleryurdu.com\/tr\/wp-content\/uploads\/2025\/08\/Spor-Alanlari.jpg\"><img decoding=\"async\" src=\"https:\/\/bahcelievleryurdu.com\/tr\/wp-content\/uploads\/2025\/08\/Spor-Alanlari.jpg\" alt=\"Spor-Alanlar\u0131\"  title=\"Spor-Alanlar\u0131\"><\/div><div class=\"bt_bb_slider_item\" data-src-full=\"https:\/\/bahcelievleryurdu.com\/tr\/wp-content\/uploads\/2025\/08\/Revir.jpg\"><img decoding=\"async\" src=\"https:\/\/bahcelievleryurdu.com\/tr\/wp-content\/uploads\/2025\/08\/Revir.jpg\" alt=\"Revir\"  title=\"Revir\"><\/div><div class=\"bt_bb_slider_item\" data-src-full=\"https:\/\/bahcelievleryurdu.com\/tr\/wp-content\/uploads\/2025\/08\/erkekistanbulyurdu-1.jpg\"><img decoding=\"async\" src=\"https:\/\/bahcelievleryurdu.com\/tr\/wp-content\/uploads\/2025\/08\/erkekistanbulyurdu-1.jpg\" alt=\"erkekistanbulyurdu\"  title=\"erkekistanbulyurdu\"><\/div><\/div><\/div><div class=\"bt_bb_separator bt_bb_border_style_none bt_bb_top_spacing_medium bt_bb_bottom_spacing_none\" data-bt-override-class=\"{&quot;bt_bb_top_spacing_&quot;:{&quot;current_class&quot;:&quot;bt_bb_top_spacing_medium&quot;,&quot;def&quot;:&quot;medium&quot;,&quot;xl&quot;:&quot;medium&quot;},&quot;bt_bb_bottom_spacing_&quot;:{&quot;current_class&quot;:&quot;bt_bb_bottom_spacing_none&quot;,&quot;def&quot;:&quot;none&quot;,&quot;xl&quot;:&quot;none&quot;}}\"><\/div><\/div><\/div><\/div><\/div><\/div><\/div><\/div><\/section>\n","protected":false},"excerpt":{"rendered":"","protected":false},"author":4,"featured_media":0,"parent":0,"menu_order":0,"comment_status":"closed","ping_status":"closed","template":"","meta":{"ngg_post_thumbnail":0,"footnotes":""},"class_list":["post-2764","page","type-page","status-publish","hentry"],"_links":{"self":[{"href":"https:\/\/bahcelievleryurdu.com\/tr\/wp-json\/wp\/v2\/pages\/2764","targetHints":{"allow":["GET"]}}],"collection":[{"href":"https:\/\/bahcelievleryurdu.com\/tr\/wp-json\/wp\/v2\/pages"}],"about":[{"href":"https:\/\/bahcelievleryurdu.com\/tr\/wp-json\/wp\/v2\/types\/page"}],"author":[{"embeddable":true,"href":"https:\/\/bahcelievleryurdu.com\/tr\/wp-json\/wp\/v2\/users\/4"}],"replies":[{"embeddable":true,"href":"https:\/\/bahcelievleryurdu.com\/tr\/wp-json\/wp\/v2\/comments?post=2764"}],"version-history":[{"count":3,"href":"https:\/\/bahcelievleryurdu.com\/tr\/wp-json\/wp\/v2\/pages\/2764\/revisions"}],"predecessor-version":[{"id":3019,"href":"https:\/\/bahcelievleryurdu.com\/tr\/wp-json\/wp\/v2\/pages\/2764\/revisions\/3019"}],"wp:attachment":[{"href":"https:\/\/bahcelievleryurdu.com\/tr\/wp-json\/wp\/v2\/media?parent=2764"}],"curies":[{"name":"wp","href":"https:\/\/api.w.org\/{rel}","templated":true}]}}