{"id":2755,"date":"2022-08-12T01:33:58","date_gmt":"2022-08-11T22:33:58","guid":{"rendered":"http:\/\/localhost\/edirne\/?page_id=2755"},"modified":"2022-08-15T11:43:25","modified_gmt":"2022-08-15T08:43:25","slug":"temel-degerlerimiz","status":"publish","type":"page","link":"https:\/\/bahcelievleryurdu.com\/tr\/temel-degerlerimiz\/","title":{"rendered":"Temel De\u011ferlerimiz"},"content":{"rendered":"<section id=\"bt_bb_section69d270795680e\"  class=\"bt_bb_section bt_bb_layout_boxed_1200\"  data-bt-override-class=\"null\"><div class=\"bt_bb_port\"><div class=\"bt_bb_cell\"><div class=\"bt_bb_cell_inner\"><div class=\"bt_bb_row \"  data-bt-override-class=\"{}\"><div class=\"bt_bb_row_holder\" ><div  class=\"bt_bb_column col-xl-12 col-xs-12 col-sm-12 col-md-12 col-lg-12 bt_bb_align_left bt_bb_vertical_align_top bt_bb_padding_normal\"  data-width=\"12\" data-bt-override-class=\"{}\"><div class=\"bt_bb_column_content\"><div class=\"bt_bb_separator bt_bb_border_style_none bt_bb_top_spacing_medium bt_bb_bottom_spacing_none\" data-bt-override-class=\"{&quot;bt_bb_top_spacing_&quot;:{&quot;current_class&quot;:&quot;bt_bb_top_spacing_medium&quot;,&quot;def&quot;:&quot;medium&quot;,&quot;xl&quot;:&quot;medium&quot;},&quot;bt_bb_bottom_spacing_&quot;:{&quot;current_class&quot;:&quot;bt_bb_bottom_spacing_none&quot;,&quot;def&quot;:&quot;none&quot;,&quot;xl&quot;:&quot;none&quot;}}\"><\/div><div class=\" bt_bb_row_inner\"   data-bt-override-class=\"{}\"><div class=\"bt_bb_row_inner_holder\"  ><div  class=\"bt_bb_column_inner col-xl-6 col-xs-12 col-sm-6 col-md-6 col-lg-6 bt_bb_align_left bt_bb_vertical_align_top\"  data-width=\"6\" data-bt-override-class=\"{}\"><div class=\"bt_bb_column_inner_content\"><div  class=\"bt_bb_text\" ><\/p>\n<p style=\"text-align: justify; text-justify: inter-ideograph;\">\u0130nsan Haklar\u0131 Evrensel Beyann\u00e2mesi\u2019nde belirtilen ki\u015fi, hak ve h\u00fcrriyetlerine sayg\u0131l\u0131 olmak,<\/p>\n<p style=\"text-align: justify; text-justify: inter-ideograph;\">Vatan\u0131m\u0131za, devletimize ve k\u00fclt\u00fcr\u00fcm\u00fcze ba\u011fl\u0131 olmak,<\/p>\n<p style=\"text-align: justify; text-justify: inter-ideograph;\">Her \u00e7e\u015fit a\u015f\u0131r\u0131l\u0131ktan uzak olmak ve orta yolda bulunmak,<\/p>\n<p style=\"text-align: justify; text-justify: inter-ideograph;\">Faaliyetlerimizi genel ahl\u00e2k kurallar\u0131na uygun y\u00fcr\u00fctmek,<\/p>\n<p style=\"text-align: justify; text-justify: inter-ideograph;\">\u00dclke birli\u011fine, cumhuriyete ve demokratik sisteme ba\u011fl\u0131 olmak,<\/p>\n<p style=\"text-align: justify; text-justify: inter-ideograph;\">Ho\u015fg\u00f6r\u00fcl\u00fc ve \u00e7al\u0131\u015fkan olmak.<\/p>\n<p style=\"text-align: justify; text-justify: inter-ideograph;\">Biz sadece kendimizi d\u00fc\u015f\u00fcnm\u00fcyoruz; \u00e7ocuklar\u0131m\u0131z\u0131, gen\u00e7lerimizi, \u00fclkemizi d\u00fc\u015f\u00fcn\u00fcyoruz. Sadece bug\u00fcn\u00fc d\u00fc\u015f\u00fcnmedi\u011fimiz i\u00e7in, yar\u0131nlarda da eserler b\u0131rakmak istiyoruz.<\/p>\n<p>\n<\/div><\/div><\/div><div  class=\"bt_bb_column_inner col-xl-6 col-xs-12 col-sm-6 col-md-6 col-lg-6 bt_bb_align_left bt_bb_vertical_align_top\"  data-width=\"6\" data-bt-override-class=\"{}\"><div class=\"bt_bb_column_inner_content\"><div class=\"bt_bb_image bt_bb_shape_square bt_bb_target_self bt_bb_align_inherit bt_bb_hover_style_simple bt_bb_content_display_always bt_bb_content_align_middle bt_bb_fill_background_color_full\" data-bt-override-class=\"{&quot;bt_bb_align_&quot;:{&quot;current_class&quot;:&quot;bt_bb_align_inherit&quot;,&quot;def&quot;:&quot;inherit&quot;,&quot;xl&quot;:&quot;inherit&quot;}}\"><span><img loading=\"lazy\" decoding=\"async\" width=\"1026\" height=\"1026\" src=\"https:\/\/bahcelievleryurdu.com\/tr\/wp-content\/uploads\/2022\/08\/50074674_2385043928176954_6432233581875036160_n.jpg\" class=\"attachment-full size-full\" alt=\"https:\/\/bahcelievleryurdu.com\/tr\/wp-content\/uploads\/2022\/08\/50074674_2385043928176954_6432233581875036160_n.jpg\" data-full_image_src=\"https:\/\/bahcelievleryurdu.com\/tr\/wp-content\/uploads\/2022\/08\/50074674_2385043928176954_6432233581875036160_n.jpg\" title=\"50074674_2385043928176954_6432233581875036160_n\" srcset=\"https:\/\/bahcelievleryurdu.com\/tr\/wp-content\/uploads\/2022\/08\/50074674_2385043928176954_6432233581875036160_n.jpg 1026w, https:\/\/bahcelievleryurdu.com\/tr\/wp-content\/uploads\/2022\/08\/50074674_2385043928176954_6432233581875036160_n-640x640.jpg 640w, https:\/\/bahcelievleryurdu.com\/tr\/wp-content\/uploads\/2022\/08\/50074674_2385043928176954_6432233581875036160_n-160x160.jpg 160w, https:\/\/bahcelievleryurdu.com\/tr\/wp-content\/uploads\/2022\/08\/50074674_2385043928176954_6432233581875036160_n-768x768.jpg 768w, https:\/\/bahcelievleryurdu.com\/tr\/wp-content\/uploads\/2022\/08\/50074674_2385043928176954_6432233581875036160_n-320x320.jpg 320w\" sizes=\"auto, (max-width: 1026px) 100vw, 1026px\" \/><\/span><\/div><\/div><\/div><\/div><\/div><div class=\"bt_bb_separator bt_bb_border_style_none bt_bb_top_spacing_medium bt_bb_bottom_spacing_none\" data-bt-override-class=\"{&quot;bt_bb_top_spacing_&quot;:{&quot;current_class&quot;:&quot;bt_bb_top_spacing_medium&quot;,&quot;def&quot;:&quot;medium&quot;,&quot;xl&quot;:&quot;medium&quot;},&quot;bt_bb_bottom_spacing_&quot;:{&quot;current_class&quot;:&quot;bt_bb_bottom_spacing_none&quot;,&quot;def&quot;:&quot;none&quot;,&quot;xl&quot;:&quot;none&quot;}}\"><\/div><\/div><\/div><\/div><\/div><\/div><\/div><\/div><\/section>\n","protected":false},"excerpt":{"rendered":"","protected":false},"author":4,"featured_media":0,"parent":0,"menu_order":0,"comment_status":"closed","ping_status":"closed","template":"","meta":{"ngg_post_thumbnail":0,"footnotes":""},"class_list":["post-2755","page","type-page","status-publish","hentry"],"_links":{"self":[{"href":"https:\/\/bahcelievleryurdu.com\/tr\/wp-json\/wp\/v2\/pages\/2755","targetHints":{"allow":["GET"]}}],"collection":[{"href":"https:\/\/bahcelievleryurdu.com\/tr\/wp-json\/wp\/v2\/pages"}],"about":[{"href":"https:\/\/bahcelievleryurdu.com\/tr\/wp-json\/wp\/v2\/types\/page"}],"author":[{"embeddable":true,"href":"https:\/\/bahcelievleryurdu.com\/tr\/wp-json\/wp\/v2\/users\/4"}],"replies":[{"embeddable":true,"href":"https:\/\/bahcelievleryurdu.com\/tr\/wp-json\/wp\/v2\/comments?post=2755"}],"version-history":[{"count":6,"href":"https:\/\/bahcelievleryurdu.com\/tr\/wp-json\/wp\/v2\/pages\/2755\/revisions"}],"predecessor-version":[{"id":2876,"href":"https:\/\/bahcelievleryurdu.com\/tr\/wp-json\/wp\/v2\/pages\/2755\/revisions\/2876"}],"wp:attachment":[{"href":"https:\/\/bahcelievleryurdu.com\/tr\/wp-json\/wp\/v2\/media?parent=2755"}],"curies":[{"name":"wp","href":"https:\/\/api.w.org\/{rel}","templated":true}]}}