{"id":1567,"date":"2019-04-01T10:15:58","date_gmt":"2019-04-01T07:15:58","guid":{"rendered":"http:\/\/avantage.bold-themes.com\/business\/?page_id=1567"},"modified":"2023-08-21T10:05:48","modified_gmt":"2023-08-21T07:05:48","slug":"hakkimizda","status":"publish","type":"page","link":"https:\/\/bahcelievleryurdu.com\/tr\/hakkimizda\/","title":{"rendered":"Hakk\u0131m\u0131zda"},"content":{"rendered":"<section id=\"bt_bb_section69d270fc7b610\"  data-background_image_src=\"'https:\/\/bahcelievleryurdu.com\/tr\/wp-content\/uploads\/2019\/04\/bgn-cases-3.png'\" class=\"bt_bb_section bt_bb_layout_boxed_1200 bt_bb_vertical_align_top btLazyLoadBackground bt_bb_background_image bt_bb_top_spacing_large\" style=\"background-image:url(&#039;https:\/\/bahcelievleryurdu.com\/tr\/wp-content\/plugins\/bold-page-builder\/img\/blank.gif&#039;);background-position:top;background-size:contain;\" data-bt-override-class=\"null\"><div class=\"bt_bb_port\"><div class=\"bt_bb_cell\"><div class=\"bt_bb_cell_inner\"><div class=\"bt_bb_row \"  data-bt-override-class=\"{}\"><div class=\"bt_bb_row_holder\" ><div  class=\"bt_bb_column col-xl-12 col-xs-12 col-sm-12 col-md-12 col-lg-12 bt_bb_align_left bt_bb_vertical_align_top bt_bb_padding_normal\"  data-width=\"12\" data-bt-override-class=\"{}\"><div class=\"bt_bb_column_content\"><div class=\"bt_bb_separator bt_bb_border_style_solid bt_bb_bottom_spacing_normal\" style=\"; border-width: 2px\" data-bt-override-class=\"null\"><\/div><div class=\" bt_bb_row_inner\"  id=\"#vizyonmisyon\" data-bt-override-class=\"{}\"><div class=\"bt_bb_row_inner_holder\"  ><div  class=\"bt_bb_column_inner col-xl-12 col-xs-12 col-sm-12 col-md-12 col-lg-12 bt_bb_align_left bt_bb_vertical_align_top\"  data-width=\"12\" data-bt-override-class=\"{}\"><div class=\"bt_bb_column_inner_content\"><div  class=\"bt_bb_text\" ><\/p>\n<h5>Misyonumuz<\/h5>\n<p>&nbsp;<\/p>\n<p style=\"text-align: justify; text-justify: inter-ideograph;\"><strong>K\u0131ymetli Gen\u00e7 Arkada\u015f\u0131m\u0131z,<\/strong><\/p>\n<p style=\"text-align: justify; text-justify: inter-ideograph;\">\u00d6ncelikle sizi, binlerce \u00f6\u011frenci aras\u0131ndan ba\u015far\u0131 g\u00f6stererek \u00fcniversite s\u0131nav\u0131n\u0131 kazand\u0131\u011f\u0131n\u0131z i\u00e7in tebrik ediyoruz.<\/p>\n<p style=\"text-align: justify; text-justify: inter-ideograph;\">Bu ba\u015far\u0131n\u0131z\u0131n devam\u0131n\u0131 sa\u011flamak ve kazand\u0131\u011f\u0131n\u0131z b\u00f6l\u00fcm\u00fc ilk s\u0131ralarda bitirebilmek i\u00e7in ki\u015fisel gayretlerinizin yan\u0131 s\u0131ra, kalaca\u011f\u0131n\u0131z ortam\u0131n uygunlu\u011fu da b\u00fcy\u00fck \u00f6nem ta\u015f\u0131maktad\u0131r.<\/p>\n<p style=\"text-align: justify; text-justify: inter-ideograph;\">Yurtlar Birli\u011fi \u00fcyesi olan yurdumuz, ticari maksat ta\u015f\u0131mayan bir yurt olup; siz \u00f6\u011frencilerimize evlerini aratmayacak en rahat ortam\u0131 sa\u011flayarak, \u00e7al\u0131\u015fmalar\u0131n\u0131zdaki verimin artmas\u0131na katk\u0131da bulunmaktad\u0131r. Okullar\u0131n\u0131zda en y\u00fcksek ba\u015far\u0131y\u0131 elde etmenize yard\u0131mc\u0131 olmak ve \u00fclkemizin ileri \u00fclkeler seviyesine \u00e7\u0131karak ba\u015flarda yer almas\u0131 i\u00e7in bu hususta \u00fczerine d\u00fc\u015fen g\u00f6revi yerine getirmek g\u00e2yesi ile kurulmu\u015ftur.<\/p>\n<p style=\"text-align: justify; text-justify: inter-ideograph;\">\u00d6\u011frencilerimizin elde etti\u011fi bu ba\u015far\u0131lar\u0131n, kendi gayretleri yan\u0131nda yurdumuzun sa\u011flad\u0131\u011f\u0131 imk\u00e2nlar ve rahat bir \u00e7al\u0131\u015fma ortam\u0131 sayesinde oldu\u011fu da kendileri taraf\u0131ndan ifade edilmektedir. Yurdumuzda, ba\u015far\u0131l\u0131 olmak isteyen her \u00f6\u011frencinin arad\u0131\u011f\u0131 b\u00fct\u00fcn \u00f6zelliklere sahip donan\u0131mda bir ortam bulunmaktad\u0131r.<\/p>\n<p>\n<\/div><div class=\"bt_bb_separator bt_bb_border_style_none bt_bb_top_spacing_normal bt_bb_bottom_spacing_normal bt_bb_hidden_md bt_bb_hidden_lg\" data-bt-override-class=\"{&quot;bt_bb_top_spacing_&quot;:{&quot;current_class&quot;:&quot;bt_bb_top_spacing_normal&quot;,&quot;def&quot;:&quot;normal&quot;,&quot;xl&quot;:&quot;normal&quot;},&quot;bt_bb_bottom_spacing_&quot;:{&quot;current_class&quot;:&quot;bt_bb_bottom_spacing_normal&quot;,&quot;def&quot;:&quot;normal&quot;,&quot;xl&quot;:&quot;normal&quot;}}\"><\/div><div  class=\"bt_bb_text\" ><\/p>\n<h5>Vizyonumuz<\/h5>\n<p style=\"text-align: justify; text-justify: inter-ideograph;\">Kendini s\u00fcrekli yenileyen, okuyan, inceleyen, ara\u015ft\u0131ran, analiz\/sentez yapabilen nesillerin yeti\u015fti\u011fi, hayata haz\u0131rland\u0131\u011f\u0131; d\u00fcn\u00fc bug\u00fcne; bug\u00fcn\u00fc yar\u0131na ba\u011flayan k\u00f6pr\u00fclerin kuruldu\u011fu; y\u00f6netici, personel, \u00f6\u011frenci ve velilerin el birli\u011fiyle; \u00e7evrede, b\u00f6lgede ve \u00fclkede <strong>\u201cModel Yurt\u201d<\/strong> olmakt\u0131r.<\/p>\n<p>\n<\/div><div class=\"bt_bb_separator bt_bb_border_style_none bt_bb_bottom_spacing_small bt_bb_hidden_md bt_bb_hidden_lg\" data-bt-override-class=\"null\"><\/div><\/div><\/div><\/div><\/div><\/div><\/div><\/div><\/div><div class=\"bt_bb_row \"  data-bt-override-class=\"{}\"><div class=\"bt_bb_row_holder\" ><div  class=\"bt_bb_column col-xl-3 bt_bb_align_left bt_bb_vertical_align_top bt_bb_padding_normal\"  data-width=\"3\" data-bt-override-class=\"{}\"><div class=\"bt_bb_column_content\"><\/div><\/div><div  class=\"bt_bb_column col-xl-6 bt_bb_align_left bt_bb_vertical_align_top bt_bb_animation_fade_in animate bt_bb_padding_normal\"  data-width=\"6\" data-bt-override-class=\"{}\"><div class=\"bt_bb_column_content\"><div class=\"bt_bb_separator bt_bb_border_style_none bt_bb_bottom_spacing_large\" data-bt-override-class=\"null\"><\/div><\/div><\/div><div  class=\"bt_bb_column col-xl-3 bt_bb_align_left bt_bb_vertical_align_top bt_bb_padding_normal\"  data-width=\"3\" data-bt-override-class=\"{}\"><div class=\"bt_bb_column_content\"><\/div><\/div><\/div><\/div><\/div><\/div><\/div><\/section>\n","protected":false},"excerpt":{"rendered":"","protected":false},"author":4,"featured_media":0,"parent":0,"menu_order":0,"comment_status":"closed","ping_status":"closed","template":"","meta":{"ngg_post_thumbnail":0,"footnotes":""},"class_list":["post-1567","page","type-page","status-publish","hentry"],"_links":{"self":[{"href":"https:\/\/bahcelievleryurdu.com\/tr\/wp-json\/wp\/v2\/pages\/1567","targetHints":{"allow":["GET"]}}],"collection":[{"href":"https:\/\/bahcelievleryurdu.com\/tr\/wp-json\/wp\/v2\/pages"}],"about":[{"href":"https:\/\/bahcelievleryurdu.com\/tr\/wp-json\/wp\/v2\/types\/page"}],"author":[{"embeddable":true,"href":"https:\/\/bahcelievleryurdu.com\/tr\/wp-json\/wp\/v2\/users\/4"}],"replies":[{"embeddable":true,"href":"https:\/\/bahcelievleryurdu.com\/tr\/wp-json\/wp\/v2\/comments?post=1567"}],"version-history":[{"count":23,"href":"https:\/\/bahcelievleryurdu.com\/tr\/wp-json\/wp\/v2\/pages\/1567\/revisions"}],"predecessor-version":[{"id":2935,"href":"https:\/\/bahcelievleryurdu.com\/tr\/wp-json\/wp\/v2\/pages\/1567\/revisions\/2935"}],"wp:attachment":[{"href":"https:\/\/bahcelievleryurdu.com\/tr\/wp-json\/wp\/v2\/media?parent=1567"}],"curies":[{"name":"wp","href":"https:\/\/api.w.org\/{rel}","templated":true}]}}